{"id":8197,"date":"2023-06-29T14:16:05","date_gmt":"2023-06-29T12:16:05","guid":{"rendered":"https:\/\/imperials-ci.com\/imperialservices\/?page_id=8197"},"modified":"2023-07-06T18:20:33","modified_gmt":"2023-07-06T16:20:33","slug":"partenaires","status":"publish","type":"page","link":"https:\/\/imperials-ci.com\/imperialservices\/partenaires\/","title":{"rendered":"Partenaires"},"content":{"rendered":"\t\t<div data-elementor-type=\"wp-page\" data-elementor-id=\"8197\" class=\"elementor elementor-8197\">\n\t\t\t\t\t\t<section class=\"elementor-section elementor-top-section elementor-element elementor-element-91dcc2b elementor-section-full_width elementor-section-height-full elementor-section-items-top elementor-section-height-default\" data-id=\"91dcc2b\" data-element_type=\"section\" data-settings=\"{&quot;background_background&quot;:&quot;classic&quot;}\">\n\t\t\t\t\t\t<div class=\"elementor-container elementor-column-gap-default\">\n\t\t\t\t\t<div class=\"elementor-column elementor-col-100 elementor-top-column elementor-element elementor-element-2235198\" data-id=\"2235198\" data-element_type=\"column\">\n\t\t\t<div class=\"elementor-widget-wrap elementor-element-populated\">\n\t\t\t\t\t\t<section class=\"elementor-section elementor-inner-section elementor-element elementor-element-436914a elementor-section-full_width elementor-section-height-min-height elementor-section-height-default\" data-id=\"436914a\" data-element_type=\"section\" data-settings=\"{&quot;background_background&quot;:&quot;classic&quot;}\">\n\t\t\t\t\t\t<div class=\"elementor-container elementor-column-gap-no\">\n\t\t\t\t\t<div class=\"elementor-column elementor-col-100 elementor-inner-column elementor-element elementor-element-9cbd688\" data-id=\"9cbd688\" data-element_type=\"column\" data-settings=\"{&quot;background_background&quot;:&quot;slideshow&quot;,&quot;background_slideshow_gallery&quot;:[{&quot;id&quot;:8176,&quot;url&quot;:&quot;https:\\\/\\\/imperials-ci.com\\\/imperialservices\\\/wp-content\\\/uploads\\\/2023\\\/06\\\/medium-shot-woman-talking-phone2.jpg&quot;},{&quot;id&quot;:8114,&quot;url&quot;:&quot;https:\\\/\\\/imperials-ci.com\\\/imperialservices\\\/wp-content\\\/uploads\\\/2023\\\/06\\\/business-partners-closing-deal-scaled.jpg&quot;},{&quot;id&quot;:8068,&quot;url&quot;:&quot;https:\\\/\\\/imperials-ci.com\\\/imperialservices\\\/wp-content\\\/uploads\\\/2023\\\/06\\\/2023-06-24-13_29_24-Window-2.png&quot;},{&quot;id&quot;:7982,&quot;url&quot;:&quot;https:\\\/\\\/imperials-ci.com\\\/imperialservices\\\/wp-content\\\/uploads\\\/2023\\\/06\\\/smiley-woman-with-red-baggage-medium-shot-scaled.jpg&quot;},{&quot;id&quot;:8165,&quot;url&quot;:&quot;https:\\\/\\\/imperials-ci.com\\\/imperialservices\\\/wp-content\\\/uploads\\\/2023\\\/06\\\/2023-06-24-15_31_10-Window-1.png&quot;},{&quot;id&quot;:8051,&quot;url&quot;:&quot;https:\\\/\\\/imperials-ci.com\\\/imperialservices\\\/wp-content\\\/uploads\\\/2023\\\/06\\\/2023-06-24-14_43_06-Window.png&quot;}],&quot;background_slideshow_slide_duration&quot;:4000,&quot;background_slideshow_loop&quot;:&quot;yes&quot;,&quot;background_slideshow_slide_transition&quot;:&quot;fade&quot;,&quot;background_slideshow_transition_duration&quot;:500}\">\n\t\t\t<div class=\"elementor-widget-wrap\">\n\t\t\t\t\t\t\t<\/div>\n\t\t<\/div>\n\t\t\t\t\t<\/div>\n\t\t<\/section>\n\t\t\t\t\t<\/div>\n\t\t<\/div>\n\t\t\t\t\t<\/div>\n\t\t<\/section>\n\t\t\t\t<section class=\"elementor-section elementor-top-section elementor-element elementor-element-58d7b5cc elementor-section-full_width elementor-section-height-default elementor-section-height-default\" data-id=\"58d7b5cc\" data-element_type=\"section\" data-settings=\"{&quot;background_background&quot;:&quot;classic&quot;}\">\n\t\t\t\t\t\t<div class=\"elementor-container elementor-column-gap-default\">\n\t\t\t\t\t<div class=\"elementor-column elementor-col-100 elementor-top-column elementor-element elementor-element-4bc72c05\" data-id=\"4bc72c05\" data-element_type=\"column\">\n\t\t\t<div class=\"elementor-widget-wrap elementor-element-populated\">\n\t\t\t\t\t\t<section class=\"elementor-section elementor-inner-section elementor-element elementor-element-2fb5ac14 qodef-elementor-content-grid elementor-section-boxed elementor-section-height-default elementor-section-height-default\" data-id=\"2fb5ac14\" data-element_type=\"section\">\n\t\t\t\t\t\t<div class=\"elementor-container elementor-column-gap-default\">\n\t\t\t\t\t<div class=\"elementor-column elementor-col-100 elementor-inner-column elementor-element elementor-element-40d1a3ff\" data-id=\"40d1a3ff\" data-element_type=\"column\">\n\t\t\t<div class=\"elementor-widget-wrap elementor-element-populated\">\n\t\t\t\t\t\t<div class=\"elementor-element elementor-element-4909dc84 elementor-widget__width-initial elementor-widget elementor-widget-belfort_core_section_title\" data-id=\"4909dc84\" data-element_type=\"widget\" data-widget_type=\"belfort_core_section_title.default\">\n\t\t\t\t<div class=\"elementor-widget-container\">\n\t\t\t<div class=\"qodef-shortcode qodef-m  qodef-section-title qodef-alignment--center \">\n    \t<p class=\"qodef-m-label\" style=\"margin-bottom: 8px;color: #181D24\">IMPERIAL SERVICES<\/p>\n\t\t<h2 class=\"qodef-m-title\" style=\"color: #CA9D75\">\n\t\t\t\t\tDEVENEZ PARTENAIRES\t\t\t<\/h2>\n\t<\/div>\n\t\t<\/div>\n\t\t\t\t<\/div>\n\t\t\t\t\t<\/div>\n\t\t<\/div>\n\t\t\t\t\t<\/div>\n\t\t<\/section>\n\t\t\t\t\t<\/div>\n\t\t<\/div>\n\t\t\t\t\t<\/div>\n\t\t<\/section>\n\t\t\t\t<section class=\"elementor-section elementor-top-section elementor-element elementor-element-8acc8c3 elementor-section-boxed elementor-section-height-default elementor-section-height-default\" data-id=\"8acc8c3\" data-element_type=\"section\">\n\t\t\t\t\t\t<div class=\"elementor-container elementor-column-gap-default\">\n\t\t\t\t\t<div class=\"elementor-column elementor-col-50 elementor-top-column elementor-element elementor-element-b6cf754\" data-id=\"b6cf754\" data-element_type=\"column\">\n\t\t\t<div class=\"elementor-widget-wrap elementor-element-populated\">\n\t\t\t\t\t\t<div class=\"elementor-element elementor-element-7f3c58f elementor-widget elementor-widget-qi_addons_for_elementor_parallax_images\" data-id=\"7f3c58f\" data-element_type=\"widget\" data-widget_type=\"qi_addons_for_elementor_parallax_images.default\">\n\t\t\t\t<div class=\"elementor-widget-container\">\n\t\t\t<div class=\"qodef-shortcode qodef-m  qodef-qi-parallax-images qodef-layout--default\">\n\t<div class=\"qodef-m-images\">\n\t\t<div class=\"qodef-e-main-image-holder\">\n\t\t\t<div class=\"qodef-e-main-image-zoom-holder\">\n\t\t\t\t\t\t\t\t\t<div class=\"qodef-e-main-image\" >\n\t\t\t\t\t\t<img fetchpriority=\"high\" decoding=\"async\" width=\"1024\" height=\"683\" src=\"https:\/\/imperials-ci.com\/imperialservices\/wp-content\/uploads\/2023\/06\/man-holding-contract-his-new-office-job-after-interview2.jpg\" class=\"attachment-full size-full\" alt=\"\" srcset=\"https:\/\/imperials-ci.com\/imperialservices\/wp-content\/uploads\/2023\/06\/man-holding-contract-his-new-office-job-after-interview2.jpg 1024w, https:\/\/imperials-ci.com\/imperialservices\/wp-content\/uploads\/2023\/06\/man-holding-contract-his-new-office-job-after-interview2-300x200.jpg 300w, https:\/\/imperials-ci.com\/imperialservices\/wp-content\/uploads\/2023\/06\/man-holding-contract-his-new-office-job-after-interview2-768x512.jpg 768w\" sizes=\"(max-width: 1024px) 100vw, 1024px\" \/>\t\t\t\t\t<\/div>\n\t\t\t\t\t\t\t<\/div>\n\t\t<\/div>\n\t\t\t\t\t\t\t\t\t\t\t\t\t<div class=\"qodef-e-parallax-image qodef-position--bottom-left elementor-repeater-item-50da796\" >\n\t\t\t\t\t<img decoding=\"async\" width=\"150\" height=\"150\" src=\"https:\/\/imperials-ci.com\/imperialservices\/wp-content\/uploads\/2023\/07\/dark-businesswoman-shaking-hands-with-male-colleague-modified-150x150.png\" class=\"attachment-thumbnail size-thumbnail\" alt=\"\" srcset=\"https:\/\/imperials-ci.com\/imperialservices\/wp-content\/uploads\/2023\/07\/dark-businesswoman-shaking-hands-with-male-colleague-modified-150x150.png 150w, https:\/\/imperials-ci.com\/imperialservices\/wp-content\/uploads\/2023\/07\/dark-businesswoman-shaking-hands-with-male-colleague-modified-300x300.png 300w, https:\/\/imperials-ci.com\/imperialservices\/wp-content\/uploads\/2023\/07\/dark-businesswoman-shaking-hands-with-male-colleague-modified-1024x1024.png 1024w, https:\/\/imperials-ci.com\/imperialservices\/wp-content\/uploads\/2023\/07\/dark-businesswoman-shaking-hands-with-male-colleague-modified-768x768.png 768w, https:\/\/imperials-ci.com\/imperialservices\/wp-content\/uploads\/2023\/07\/dark-businesswoman-shaking-hands-with-male-colleague-modified-1536x1536.png 1536w, https:\/\/imperials-ci.com\/imperialservices\/wp-content\/uploads\/2023\/07\/dark-businesswoman-shaking-hands-with-male-colleague-modified-2048x2048.png 2048w, https:\/\/imperials-ci.com\/imperialservices\/wp-content\/uploads\/2023\/07\/dark-businesswoman-shaking-hands-with-male-colleague-modified-650x650.png 650w, https:\/\/imperials-ci.com\/imperialservices\/wp-content\/uploads\/2023\/07\/dark-businesswoman-shaking-hands-with-male-colleague-modified-1300x1300.png 1300w\" sizes=\"(max-width: 150px) 100vw, 150px\" \/>\t\t\t\t<\/div>\n\t\t\t\t\t\t<\/div>\n<\/div>\n\t\t<\/div>\n\t\t\t\t<\/div>\n\t\t\t\t\t<\/div>\n\t\t<\/div>\n\t\t\t\t<div class=\"elementor-column elementor-col-50 elementor-top-column elementor-element elementor-element-9b55ac3\" data-id=\"9b55ac3\" data-element_type=\"column\">\n\t\t\t<div class=\"elementor-widget-wrap elementor-element-populated\">\n\t\t\t\t\t\t<div class=\"elementor-element elementor-element-a918311 elementor-widget elementor-widget-text-editor\" data-id=\"a918311\" data-element_type=\"widget\" data-widget_type=\"text-editor.default\">\n\t\t\t\t<div class=\"elementor-widget-container\">\n\t\t\t<style>\/*! elementor - v3.19.0 - 28-02-2024 *\/\n.elementor-widget-text-editor.elementor-drop-cap-view-stacked .elementor-drop-cap{background-color:#69727d;color:#fff}.elementor-widget-text-editor.elementor-drop-cap-view-framed .elementor-drop-cap{color:#69727d;border:3px solid;background-color:transparent}.elementor-widget-text-editor:not(.elementor-drop-cap-view-default) .elementor-drop-cap{margin-top:8px}.elementor-widget-text-editor:not(.elementor-drop-cap-view-default) .elementor-drop-cap-letter{width:1em;height:1em}.elementor-widget-text-editor .elementor-drop-cap{float:left;text-align:center;line-height:1;font-size:50px}.elementor-widget-text-editor .elementor-drop-cap-letter{display:inline-block}<\/style>\t\t\t\t<p>Vous \u00eates propri\u00e9taires ou g\u00e9rants de r\u00e9sidences immobili\u00e8res, d&rsquo;\u00e9tablissement hoteliers, entreprise, IMPERIAL SERVICES vous ouvre sur un monde d&rsquo;opportunit\u00e9s. B\u00e9n\u00e9ficiez d&rsquo;un partenariat gagnant avec le leader de la conciergerie et de l&rsquo;assistance en C\u00f4te d&rsquo;Ivoire.<\/p><p>Renseignez le formulaire ci-dessous, et debutons ce partenariat que nous souhaitons fructuex \u00e0 tous \u00e9gards&#8230;<\/p>\t\t\t\t\t\t<\/div>\n\t\t\t\t<\/div>\n\t\t\t\t\t<\/div>\n\t\t<\/div>\n\t\t\t\t\t<\/div>\n\t\t<\/section>\n\t\t\t\t<section class=\"elementor-section elementor-top-section elementor-element elementor-element-2b3045f6 elementor-section-full_width qodef-elementor-content-grid elementor-section-height-default elementor-section-height-default\" data-id=\"2b3045f6\" data-element_type=\"section\">\n\t\t\t\t\t\t<div class=\"elementor-container elementor-column-gap-no\">\n\t\t\t\t\t<div class=\"elementor-column elementor-col-100 elementor-top-column elementor-element elementor-element-77b5b7ec\" data-id=\"77b5b7ec\" data-element_type=\"column\">\n\t\t\t<div class=\"elementor-widget-wrap elementor-element-populated\">\n\t\t\t\t\t\t<div class=\"elementor-element elementor-element-1b861dcc elementor-widget elementor-widget-belfort_core_section_title\" data-id=\"1b861dcc\" data-element_type=\"widget\" data-widget_type=\"belfort_core_section_title.default\">\n\t\t\t\t<div class=\"elementor-widget-container\">\n\t\t\t<div class=\"qodef-shortcode qodef-m  qodef-section-title qodef-alignment--center \">\n    \t<p class=\"qodef-m-label\" style=\"margin-bottom: 10px\">Contactez-nous<\/p>\n\t\t<h2 class=\"qodef-m-title\" >\n\t\t\t\t\tPour un partenariat gagnant\t\t\t<\/h2>\n\t<\/div>\n\t\t<\/div>\n\t\t\t\t<\/div>\n\t\t\t\t<div class=\"elementor-element elementor-element-358fbcde elementor-widget__width-initial elementor-widget elementor-widget-wp-widget-belfort_core_contact_form_7\" data-id=\"358fbcde\" data-element_type=\"widget\" data-widget_type=\"wp-widget-belfort_core_contact_form_7.default\">\n\t\t\t\t<div class=\"elementor-widget-container\">\n\t\t\t\t\t\t<div class=\"qodef-contact-form-7\">\n\t\t\t\t\n<div class=\"wpcf7 no-js\" id=\"wpcf7-f8377-o1\" lang=\"fr-FR\" dir=\"ltr\">\n<div class=\"screen-reader-response\"><p role=\"status\" aria-live=\"polite\" aria-atomic=\"true\"><\/p> <ul><\/ul><\/div>\n<form action=\"\/imperialservices\/wp-json\/wp\/v2\/pages\/8197#wpcf7-f8377-o1\" method=\"post\" class=\"wpcf7-form init\" aria-label=\"Formulaire de contact\" novalidate=\"novalidate\" data-status=\"init\">\n<div style=\"display: none;\">\n<input type=\"hidden\" name=\"_wpcf7\" value=\"8377\" \/>\n<input type=\"hidden\" name=\"_wpcf7_version\" value=\"5.7.5.1\" \/>\n<input type=\"hidden\" name=\"_wpcf7_locale\" value=\"fr_FR\" \/>\n<input type=\"hidden\" name=\"_wpcf7_unit_tag\" value=\"wpcf7-f8377-o1\" \/>\n<input type=\"hidden\" name=\"_wpcf7_container_post\" value=\"0\" \/>\n<input type=\"hidden\" name=\"_wpcf7_posted_data_hash\" value=\"\" \/>\n<\/div>\n<label> Votre nom\n    <span class=\"wpcf7-form-control-wrap\" data-name=\"your-name\"><input size=\"40\" class=\"wpcf7-form-control wpcf7-text wpcf7-validates-as-required\" autocomplete=\"name\" aria-required=\"true\" aria-invalid=\"false\" value=\"\" type=\"text\" name=\"your-name\" \/><\/span> <\/label>\n\n<label> Votre e-mail\n    <span class=\"wpcf7-form-control-wrap\" data-name=\"your-email\"><input size=\"40\" class=\"wpcf7-form-control wpcf7-text wpcf7-email wpcf7-validates-as-required wpcf7-validates-as-email\" autocomplete=\"email\" aria-required=\"true\" aria-invalid=\"false\" value=\"\" type=\"email\" name=\"your-email\" \/><\/span> <\/label>\n\n<label> Objet\n    <span class=\"wpcf7-form-control-wrap\" data-name=\"your-subject\"><input size=\"40\" class=\"wpcf7-form-control wpcf7-text wpcf7-validates-as-required\" aria-required=\"true\" aria-invalid=\"false\" value=\"\" type=\"text\" name=\"your-subject\" \/><\/span> <\/label>\n\n<label> Votre message (facultatif)\n    <span class=\"wpcf7-form-control-wrap\" data-name=\"your-message\"><textarea cols=\"40\" rows=\"10\" class=\"wpcf7-form-control wpcf7-textarea\" aria-invalid=\"false\" name=\"your-message\"><\/textarea><\/span> <\/label>\n\n<button class=\"wpcf7-form-control wpcf7-submit qodef-button qodef-size--normal qodef-layout--filled qodef-m\" type=\"submit\"><span class=\"qodef-m-text\">Envoyer<\/span><\/button><div class=\"wpcf7-response-output\" aria-hidden=\"true\"><\/div>\n<\/form>\n<\/div>\n\t\t\t<\/div>\n\t\t\t\t\t<\/div>\n\t\t\t\t<\/div>\n\t\t\t\t\t<\/div>\n\t\t<\/div>\n\t\t\t\t\t<\/div>\n\t\t<\/section>\n\t\t\t\t<\/div>\n\t\t","protected":false},"excerpt":{"rendered":"<p>IMPERIAL SERVICES DEVENEZ PARTENAIRES Vous \u00eates propri\u00e9taires ou g\u00e9rants de r\u00e9sidences immobili\u00e8res, d&rsquo;\u00e9tablissement hoteliers, entreprise, IMPERIAL SERVICES vous ouvre sur un monde d&rsquo;opportunit\u00e9s. B\u00e9n\u00e9ficiez d&rsquo;un partenariat gagnant avec le leader de la conciergerie et de l&rsquo;assistance en C\u00f4te d&rsquo;Ivoire. Renseignez le formulaire ci-dessous, et debutons ce partenariat que nous souhaitons fructuex \u00e0 tous \u00e9gards&#8230; Contactez-nous [&hellip;]<\/p>\n","protected":false},"author":1,"featured_media":0,"parent":0,"menu_order":0,"comment_status":"closed","ping_status":"closed","template":"page-full-width.php","meta":{"footnotes":""},"class_list":["post-8197","page","type-page","status-publish","hentry"],"_links":{"self":[{"href":"https:\/\/imperials-ci.com\/imperialservices\/wp-json\/wp\/v2\/pages\/8197","targetHints":{"allow":["GET"]}}],"collection":[{"href":"https:\/\/imperials-ci.com\/imperialservices\/wp-json\/wp\/v2\/pages"}],"about":[{"href":"https:\/\/imperials-ci.com\/imperialservices\/wp-json\/wp\/v2\/types\/page"}],"author":[{"embeddable":true,"href":"https:\/\/imperials-ci.com\/imperialservices\/wp-json\/wp\/v2\/users\/1"}],"replies":[{"embeddable":true,"href":"https:\/\/imperials-ci.com\/imperialservices\/wp-json\/wp\/v2\/comments?post=8197"}],"version-history":[{"count":27,"href":"https:\/\/imperials-ci.com\/imperialservices\/wp-json\/wp\/v2\/pages\/8197\/revisions"}],"predecessor-version":[{"id":8396,"href":"https:\/\/imperials-ci.com\/imperialservices\/wp-json\/wp\/v2\/pages\/8197\/revisions\/8396"}],"wp:attachment":[{"href":"https:\/\/imperials-ci.com\/imperialservices\/wp-json\/wp\/v2\/media?parent=8197"}],"curies":[{"name":"wp","href":"https:\/\/api.w.org\/{rel}","templated":true}]}}