{"id":7946,"date":"2023-06-23T23:46:48","date_gmt":"2023-06-23T21:46:48","guid":{"rendered":"https:\/\/imperials-ci.com\/imperialservices\/?page_id=7946"},"modified":"2024-02-26T12:00:56","modified_gmt":"2024-02-26T11:00:56","slug":"assistance-voyage","status":"publish","type":"page","link":"https:\/\/imperials-ci.com\/imperialservices\/assistance-voyage\/","title":{"rendered":"Assistance voyage"},"content":{"rendered":"\t\t<div data-elementor-type=\"wp-page\" data-elementor-id=\"7946\" class=\"elementor elementor-7946\">\n\t\t\t\t\t\t<section class=\"elementor-section elementor-top-section elementor-element elementor-element-91dcc2b elementor-section-full_width elementor-section-height-default elementor-section-height-default\" data-id=\"91dcc2b\" data-element_type=\"section\" data-settings=\"{&quot;background_background&quot;:&quot;classic&quot;}\">\n\t\t\t\t\t\t<div class=\"elementor-container elementor-column-gap-default\">\n\t\t\t\t\t<div class=\"elementor-column elementor-col-100 elementor-top-column elementor-element elementor-element-2235198\" data-id=\"2235198\" data-element_type=\"column\">\n\t\t\t<div class=\"elementor-widget-wrap elementor-element-populated\">\n\t\t\t\t\t\t<section class=\"elementor-section elementor-inner-section elementor-element elementor-element-436914a elementor-section-full_width elementor-section-height-min-height elementor-section-height-default\" data-id=\"436914a\" data-element_type=\"section\" data-settings=\"{&quot;background_background&quot;:&quot;classic&quot;}\">\n\t\t\t\t\t\t<div class=\"elementor-container elementor-column-gap-no\">\n\t\t\t\t\t<div class=\"elementor-column elementor-col-100 elementor-inner-column elementor-element elementor-element-9cbd688\" data-id=\"9cbd688\" data-element_type=\"column\" data-settings=\"{&quot;background_background&quot;:&quot;slideshow&quot;,&quot;background_slideshow_gallery&quot;:[{&quot;id&quot;:8361,&quot;url&quot;:&quot;https:\\\/\\\/imperials-ci.com\\\/imperialservices\\\/wp-content\\\/uploads\\\/2023\\\/07\\\/passport-2714675_1280.jpg&quot;},{&quot;id&quot;:8269,&quot;url&quot;:&quot;https:\\\/\\\/imperials-ci.com\\\/imperialservices\\\/wp-content\\\/uploads\\\/2023\\\/06\\\/travel-5219496_1280.jpg&quot;},{&quot;id&quot;:8259,&quot;url&quot;:&quot;https:\\\/\\\/imperials-ci.com\\\/imperialservices\\\/wp-content\\\/uploads\\\/2023\\\/06\\\/travel-1.png&quot;}],&quot;background_slideshow_loop&quot;:&quot;yes&quot;,&quot;background_slideshow_slide_duration&quot;:5000,&quot;background_slideshow_slide_transition&quot;:&quot;fade&quot;,&quot;background_slideshow_transition_duration&quot;:500}\">\n\t\t\t<div class=\"elementor-widget-wrap\">\n\t\t\t\t\t\t\t<\/div>\n\t\t<\/div>\n\t\t\t\t\t<\/div>\n\t\t<\/section>\n\t\t\t\t\t<\/div>\n\t\t<\/div>\n\t\t\t\t\t<\/div>\n\t\t<\/section>\n\t\t\t\t<section class=\"elementor-section elementor-top-section elementor-element elementor-element-59efaf09 elementor-section-full_width elementor-section-height-default elementor-section-height-default\" data-id=\"59efaf09\" data-element_type=\"section\">\n\t\t\t\t\t\t<div class=\"elementor-container elementor-column-gap-default\">\n\t\t\t\t\t<div class=\"elementor-column elementor-col-100 elementor-top-column elementor-element elementor-element-74d66784\" data-id=\"74d66784\" data-element_type=\"column\">\n\t\t\t<div class=\"elementor-widget-wrap elementor-element-populated\">\n\t\t\t\t\t\t<section class=\"elementor-section elementor-inner-section elementor-element elementor-element-a83fae9 qodef-elementor-content-grid elementor-section-boxed elementor-section-height-default elementor-section-height-default\" data-id=\"a83fae9\" data-element_type=\"section\">\n\t\t\t\t\t\t<div class=\"elementor-container elementor-column-gap-default\">\n\t\t\t\t\t<div class=\"elementor-column elementor-col-100 elementor-inner-column elementor-element elementor-element-4fc805dd\" data-id=\"4fc805dd\" data-element_type=\"column\">\n\t\t\t<div class=\"elementor-widget-wrap elementor-element-populated\">\n\t\t\t\t\t\t<div class=\"elementor-element elementor-element-44c0834 elementor-widget elementor-widget-spacer\" data-id=\"44c0834\" data-element_type=\"widget\" data-widget_type=\"spacer.default\">\n\t\t\t\t<div class=\"elementor-widget-container\">\n\t\t\t<style>\/*! elementor - v3.19.0 - 28-02-2024 *\/\n.elementor-column .elementor-spacer-inner{height:var(--spacer-size)}.e-con{--container-widget-width:100%}.e-con-inner>.elementor-widget-spacer,.e-con>.elementor-widget-spacer{width:var(--container-widget-width,var(--spacer-size));--align-self:var(--container-widget-align-self,initial);--flex-shrink:0}.e-con-inner>.elementor-widget-spacer>.elementor-widget-container,.e-con>.elementor-widget-spacer>.elementor-widget-container{height:100%;width:100%}.e-con-inner>.elementor-widget-spacer>.elementor-widget-container>.elementor-spacer,.e-con>.elementor-widget-spacer>.elementor-widget-container>.elementor-spacer{height:100%}.e-con-inner>.elementor-widget-spacer>.elementor-widget-container>.elementor-spacer>.elementor-spacer-inner,.e-con>.elementor-widget-spacer>.elementor-widget-container>.elementor-spacer>.elementor-spacer-inner{height:var(--container-widget-height,var(--spacer-size))}.e-con-inner>.elementor-widget-spacer.elementor-widget-empty,.e-con>.elementor-widget-spacer.elementor-widget-empty{position:relative;min-height:22px;min-width:22px}.e-con-inner>.elementor-widget-spacer.elementor-widget-empty .elementor-widget-empty-icon,.e-con>.elementor-widget-spacer.elementor-widget-empty .elementor-widget-empty-icon{position:absolute;top:0;bottom:0;left:0;right:0;margin:auto;padding:0;width:22px;height:22px}<\/style>\t\t<div class=\"elementor-spacer\">\n\t\t\t<div class=\"elementor-spacer-inner\"><\/div>\n\t\t<\/div>\n\t\t\t\t<\/div>\n\t\t\t\t<\/div>\n\t\t\t\t<div class=\"elementor-element elementor-element-403d95e7 elementor-widget__width-initial elementor-widget elementor-widget-belfort_core_section_title\" data-id=\"403d95e7\" data-element_type=\"widget\" data-widget_type=\"belfort_core_section_title.default\">\n\t\t\t\t<div class=\"elementor-widget-container\">\n\t\t\t<div class=\"qodef-shortcode qodef-m  qodef-section-title qodef-alignment--center \">\n    \t<p class=\"qodef-m-label\" style=\"margin-bottom: 8px\">NOS PRESTATIONS<\/p>\n\t\t<h2 class=\"qodef-m-title\" style=\"color: #CA9D75\">\n\t\t\t\t\tASSISTANCE VOYAGE\t\t\t<\/h2>\n\t<\/div>\n\t\t<\/div>\n\t\t\t\t<\/div>\n\t\t\t\t\t<\/div>\n\t\t<\/div>\n\t\t\t\t\t<\/div>\n\t\t<\/section>\n\t\t\t\t<section class=\"elementor-section elementor-inner-section elementor-element elementor-element-c20efd7 elementor-section-boxed elementor-section-height-default elementor-section-height-default\" data-id=\"c20efd7\" data-element_type=\"section\">\n\t\t\t\t\t\t<div class=\"elementor-container elementor-column-gap-default\">\n\t\t\t\t\t<div class=\"elementor-column elementor-col-50 elementor-inner-column elementor-element elementor-element-4b8873d\" data-id=\"4b8873d\" data-element_type=\"column\">\n\t\t\t<div class=\"elementor-widget-wrap elementor-element-populated\">\n\t\t\t\t\t\t<div class=\"elementor-element elementor-element-2e0da3a elementor-widget elementor-widget-belfort_core_single_image\" data-id=\"2e0da3a\" data-element_type=\"widget\" data-widget_type=\"belfort_core_single_image.default\">\n\t\t\t\t<div class=\"elementor-widget-container\">\n\t\t\t<div class=\"qodef-shortcode qodef-m  qodef-single-image qodef-layout--default  \">\n\t\t\t<div class=\"qodef-m-image\">\n\t\t\t\t\t\t\t\t<img fetchpriority=\"high\" decoding=\"async\" width=\"1280\" height=\"821\" src=\"https:\/\/imperials-ci.com\/imperialservices\/wp-content\/uploads\/2023\/06\/travel-5219496_1280.jpg\" class=\"attachment-full size-full\" alt=\"\" srcset=\"https:\/\/imperials-ci.com\/imperialservices\/wp-content\/uploads\/2023\/06\/travel-5219496_1280.jpg 1280w, https:\/\/imperials-ci.com\/imperialservices\/wp-content\/uploads\/2023\/06\/travel-5219496_1280-300x192.jpg 300w, https:\/\/imperials-ci.com\/imperialservices\/wp-content\/uploads\/2023\/06\/travel-5219496_1280-1024x657.jpg 1024w, https:\/\/imperials-ci.com\/imperialservices\/wp-content\/uploads\/2023\/06\/travel-5219496_1280-768x493.jpg 768w\" sizes=\"(max-width: 1280px) 100vw, 1280px\" \/>\t\t\t\t\t\t\t<\/div>\n\t<\/div>\n\t\t<\/div>\n\t\t\t\t<\/div>\n\t\t\t\t\t<\/div>\n\t\t<\/div>\n\t\t\t\t<div class=\"elementor-column elementor-col-50 elementor-inner-column elementor-element elementor-element-73ad512\" data-id=\"73ad512\" data-element_type=\"column\">\n\t\t\t<div class=\"elementor-widget-wrap elementor-element-populated\">\n\t\t\t\t\t\t<div class=\"elementor-element elementor-element-a9258ad elementor-widget elementor-widget-text-editor\" data-id=\"a9258ad\" data-element_type=\"widget\" data-widget_type=\"text-editor.default\">\n\t\t\t\t<div class=\"elementor-widget-container\">\n\t\t\t<style>\/*! elementor - v3.19.0 - 28-02-2024 *\/\n.elementor-widget-text-editor.elementor-drop-cap-view-stacked .elementor-drop-cap{background-color:#69727d;color:#fff}.elementor-widget-text-editor.elementor-drop-cap-view-framed .elementor-drop-cap{color:#69727d;border:3px solid;background-color:transparent}.elementor-widget-text-editor:not(.elementor-drop-cap-view-default) .elementor-drop-cap{margin-top:8px}.elementor-widget-text-editor:not(.elementor-drop-cap-view-default) .elementor-drop-cap-letter{width:1em;height:1em}.elementor-widget-text-editor .elementor-drop-cap{float:left;text-align:center;line-height:1;font-size:50px}.elementor-widget-text-editor .elementor-drop-cap-letter{display:inline-block}<\/style>\t\t\t\t<ol><li><strong>Planification de Voyage:<\/strong> Notre \u00e9quipe exp\u00e9riment\u00e9e vous aide \u00e0 planifier chaque d\u00e9tail de votre voyage, de la r\u00e9servation des vols et des h\u00e9bergements \u00e0 l&rsquo;organisation des activit\u00e9s et des excursions.<\/li><li><strong>Services de Conciergerie:<\/strong> Nous offrons une gamme de services de conciergerie personnalis\u00e9s, y compris la r\u00e9servation de restaurants, la location de voitures, les services de guide touristique et bien plus encore.<\/li><li><strong>Assistance 24\/7:<\/strong> Que ce soit pour des changements de derni\u00e8re minute ou des urgences en voyage, notre \u00e9quipe est disponible 24 heures sur 24, 7 jours sur 7 pour r\u00e9pondre \u00e0 vos besoins et vous offrir une assistance rapide et efficace.<\/li><li><strong>Gestion des D\u00e9placements Professionnels:<\/strong> Nous proposons des services sp\u00e9cialis\u00e9s pour les voyages d&rsquo;affaires, y compris la coordination des r\u00e9unions, la gestion des d\u00e9placements de groupe et la r\u00e9servation d&rsquo;espaces de r\u00e9union.<\/li><\/ol>\t\t\t\t\t\t<\/div>\n\t\t\t\t<\/div>\n\t\t\t\t<div class=\"elementor-element elementor-element-9ce2006 elementor-align-center elementor-widget elementor-widget-button\" data-id=\"9ce2006\" data-element_type=\"widget\" data-widget_type=\"button.default\">\n\t\t\t\t<div class=\"elementor-widget-container\">\n\t\t\t\t\t<div class=\"elementor-button-wrapper\">\n\t\t\t<a class=\"elementor-button elementor-button-link elementor-size-sm\" href=\"https:\/\/imperials-ci.com\/imperialservices\/contacts\/\">\n\t\t\t\t\t\t<span class=\"elementor-button-content-wrapper\">\n\t\t\t\t\t\t<span class=\"elementor-button-icon elementor-align-icon-left\">\n\t\t\t\t<i aria-hidden=\"true\" class=\"far fa-handshake\"><\/i>\t\t\t<\/span>\n\t\t\t\t\t\t<span class=\"elementor-button-text\">Demandez un rendez-vous!<\/span>\n\t\t<\/span>\n\t\t\t\t\t<\/a>\n\t\t<\/div>\n\t\t\t\t<\/div>\n\t\t\t\t<\/div>\n\t\t\t\t\t<\/div>\n\t\t<\/div>\n\t\t\t\t\t<\/div>\n\t\t<\/section>\n\t\t\t\t\t<\/div>\n\t\t<\/div>\n\t\t\t\t\t<\/div>\n\t\t<\/section>\n\t\t\t\t<\/div>\n\t\t","protected":false},"excerpt":{"rendered":"<p>NOS PRESTATIONS ASSISTANCE VOYAGE Planification de Voyage: Notre \u00e9quipe exp\u00e9riment\u00e9e vous aide \u00e0 planifier chaque d\u00e9tail de votre voyage, de la r\u00e9servation des vols et des h\u00e9bergements \u00e0 l&rsquo;organisation des activit\u00e9s et des excursions. Services de Conciergerie: Nous offrons une gamme de services de conciergerie personnalis\u00e9s, y compris la r\u00e9servation de restaurants, la location de [&hellip;]<\/p>\n","protected":false},"author":1,"featured_media":0,"parent":0,"menu_order":0,"comment_status":"closed","ping_status":"closed","template":"page-full-width.php","meta":{"footnotes":""},"class_list":["post-7946","page","type-page","status-publish","hentry"],"_links":{"self":[{"href":"https:\/\/imperials-ci.com\/imperialservices\/wp-json\/wp\/v2\/pages\/7946","targetHints":{"allow":["GET"]}}],"collection":[{"href":"https:\/\/imperials-ci.com\/imperialservices\/wp-json\/wp\/v2\/pages"}],"about":[{"href":"https:\/\/imperials-ci.com\/imperialservices\/wp-json\/wp\/v2\/types\/page"}],"author":[{"embeddable":true,"href":"https:\/\/imperials-ci.com\/imperialservices\/wp-json\/wp\/v2\/users\/1"}],"replies":[{"embeddable":true,"href":"https:\/\/imperials-ci.com\/imperialservices\/wp-json\/wp\/v2\/comments?post=7946"}],"version-history":[{"count":13,"href":"https:\/\/imperials-ci.com\/imperialservices\/wp-json\/wp\/v2\/pages\/7946\/revisions"}],"predecessor-version":[{"id":8660,"href":"https:\/\/imperials-ci.com\/imperialservices\/wp-json\/wp\/v2\/pages\/7946\/revisions\/8660"}],"wp:attachment":[{"href":"https:\/\/imperials-ci.com\/imperialservices\/wp-json\/wp\/v2\/media?parent=7946"}],"curies":[{"name":"wp","href":"https:\/\/api.w.org\/{rel}","templated":true}]}}